{"id":83,"date":"2023-06-25T23:17:06","date_gmt":"2023-06-25T21:17:06","guid":{"rendered":"https:\/\/orci-air.com\/?page_id=83"},"modified":"2024-05-04T21:51:27","modified_gmt":"2024-05-04T19:51:27","slug":"contact-et-acces","status":"publish","type":"page","link":"https:\/\/orci-air.com\/index.php\/contact-et-acces\/","title":{"rendered":"Point d&rsquo;accueil et Acc\u00e8s"},"content":{"rendered":"<p>[et_pb_section fb_built=\u00a0\u00bb1&Prime; _builder_version=\u00a0\u00bb4.21.0&Prime; _module_preset=\u00a0\u00bbdefault\u00a0\u00bb global_colors_info=\u00a0\u00bb{}\u00a0\u00bb][et_pb_row _builder_version=\u00a0\u00bb4.21.0&Prime; _module_preset=\u00a0\u00bbdefault\u00a0\u00bb global_colors_info=\u00a0\u00bb{}\u00a0\u00bb][et_pb_column type=\u00a0\u00bb4_4&Prime; _builder_version=\u00a0\u00bb4.21.0&Prime; _module_preset=\u00a0\u00bbdefault\u00a0\u00bb global_colors_info=\u00a0\u00bb{}\u00a0\u00bb][et_pb_text _builder_version=\u00a0\u00bb4.25.0&Prime; _module_preset=\u00a0\u00bbdefault\u00a0\u00bb text_font=\u00a0\u00bb|700|||||||\u00a0\u00bb text_font_size=\u00a0\u00bb36px\u00a0\u00bb text_orientation=\u00a0\u00bbcenter\u00a0\u00bb hover_enabled=\u00a0\u00bb0&Prime; global_colors_info=\u00a0\u00bb{}\u00a0\u00bb sticky_enabled=\u00a0\u00bb0&Prime;]<\/p>\n<p>Point d&rsquo;accueil et Acc\u00e8s<\/p>\n<p>[\/et_pb_text][\/et_pb_column][\/et_pb_row][et_pb_row _builder_version=\u00a0\u00bb4.25.0&Prime; _module_preset=\u00a0\u00bbdefault\u00a0\u00bb][et_pb_column _builder_version=\u00a0\u00bb4.25.0&Prime; _module_preset=\u00a0\u00bbdefault\u00a0\u00bb type=\u00a0\u00bb4_4&Prime;][dsm_block_reveal_text block_reveal_text=\u00a0\u00bbT\u00e9l : 07 67 00 47 41&Prime; block_reveal_delay=\u00a0\u00bb0.7&Prime; _builder_version=\u00a0\u00bb4.25.0&Prime; _module_preset=\u00a0\u00bbdefault\u00a0\u00bb header_font=\u00a0\u00bb|||on|||||\u00a0\u00bb header_text_align=\u00a0\u00bbcenter\u00a0\u00bb header_font_size=\u00a0\u00bb40px\u00a0\u00bb hover_enabled=\u00a0\u00bb0&Prime; global_colors_info=\u00a0\u00bb{}\u00a0\u00bb sticky_enabled=\u00a0\u00bb0&Prime;][\/dsm_block_reveal_text][\/et_pb_column][\/et_pb_row][et_pb_row column_structure=\u00a0\u00bb1_2,1_2&Prime; _builder_version=\u00a0\u00bb4.25.0&Prime; _module_preset=\u00a0\u00bbdefault\u00a0\u00bb hover_enabled=\u00a0\u00bb0&Prime; global_colors_info=\u00a0\u00bb{}\u00a0\u00bb sticky_enabled=\u00a0\u00bb0&Prime;][et_pb_column type=\u00a0\u00bb1_2&Prime; _builder_version=\u00a0\u00bb4.25.0&Prime; _module_preset=\u00a0\u00bbdefault\u00a0\u00bb hover_enabled=\u00a0\u00bb0&Prime; global_colors_info=\u00a0\u00bb{}\u00a0\u00bb sticky_enabled=\u00a0\u00bb0&Prime;][et_pb_text _builder_version=\u00a0\u00bb4.25.0&Prime; _module_preset=\u00a0\u00bbdefault\u00a0\u00bb text_font=\u00a0\u00bb||||||||\u00a0\u00bb text_font_size=\u00a0\u00bb18px\u00a0\u00bb hover_enabled=\u00a0\u00bb0&Prime; global_colors_info=\u00a0\u00bb{}\u00a0\u00bb custom_padding=\u00a0\u00bb||0px|||\u00a0\u00bb text_orientation=\u00a0\u00bbjustified\u00a0\u00bb sticky_enabled=\u00a0\u00bb0&Prime;]<\/p>\n<p>Nous nous situons \u00e0 Merlette dans la station d&rsquo;Orci\u00e8res 1850 \u00e0 l&rsquo;H\u00f4tel les Gardettes. Vous pouvez passer nous voir avec plaisir pour des renseignements, faire connaissance et demander des explications sur le d\u00e9roulement d&rsquo;un bapt\u00eame de Parapente.<\/p>\n<p>Vous pourrez aussi d\u00e9guster nos glaces Maison fabriqu\u00e9es avec des fleurs de montagnes comme le g\u00e9n\u00e9pi, la fleur de m\u00e9l\u00e8ze et la fleur de Sureau !<\/p>\n<p>[\/et_pb_text][et_pb_text _builder_version=\u00a0\u00bb4.22.1&Prime; _module_preset=\u00a0\u00bbdefault\u00a0\u00bb text_font_size=\u00a0\u00bb17px\u00a0\u00bb text_orientation=\u00a0\u00bbcenter\u00a0\u00bb global_colors_info=\u00a0\u00bb{}\u00a0\u00bb]<\/p>\n<p>Lien Google Maps vers la boutique Orci-Air Parapente :<\/p>\n<p><a href=\"https:\/\/goo.gl\/maps\/YjFtDqEm8N3fcmhj8\" title=\"Lien google Maps vers la Boutique Orci-Air Bapteme Parapente\">https:\/\/goo.gl\/maps\/YjFtDqEm8N3fcmhj8<\/a><\/p>\n<p>[\/et_pb_text][et_pb_code _builder_version=\u00a0\u00bb4.21.0&Prime; _module_preset=\u00a0\u00bbdefault\u00a0\u00bb global_colors_info=\u00a0\u00bb{}\u00a0\u00bb]<iframe src=\"https:\/\/www.google.com\/maps\/embed?pb=!1m18!1m12!1m3!1d1125.535359601787!2d6.318907268567312!3d44.695699402661!2m3!1f0!2f0!3f0!3m2!1i1024!2i768!4f13.1!3m3!1m2!1s0x12cb51350a57346b%3A0x16e3ced04bc5f0bd!2sOrci-Air%20Bapt%C3%AAme%20Parapente!5e0!3m2!1sfr!2sfr!4v1688072467105!5m2!1sfr!2sfr\" width=\"600\" height=\"450\" style=\"border:0;\" allowfullscreen=\"\" loading=\"lazy\" referrerpolicy=\"no-referrer-when-downgrade\"><\/iframe>[\/et_pb_code][\/et_pb_column][et_pb_column type=\u00a0\u00bb1_2&Prime; _builder_version=\u00a0\u00bb4.21.0&Prime; _module_preset=\u00a0\u00bbdefault\u00a0\u00bb global_colors_info=\u00a0\u00bb{}\u00a0\u00bb][et_pb_text _builder_version=\u00a0\u00bb4.25.0&Prime; _module_preset=\u00a0\u00bbdefault\u00a0\u00bb text_font_size=\u00a0\u00bb17px\u00a0\u00bb hover_enabled=\u00a0\u00bb0&Prime; global_colors_info=\u00a0\u00bb{}\u00a0\u00bb sticky_enabled=\u00a0\u00bb0&Prime; text_orientation=\u00a0\u00bbjustified\u00a0\u00bb]<\/p>\n<p>Pour votre vol nous nous donnons rendez-vous au parking de la base de loisir d&rsquo;Orci\u00e8res qui se situe \u00e0 10 minutes de route de la station. Si vous ne disposez pas de v\u00e9hicule, nous pouvons nous donner rendez vous \u00e0 la station de Merlette et vous prendre en montant au d\u00e9collage.<\/p>\n<p>Voici les liens Google Maps de nos lieux de rendez vous pour passer vous chercher :<\/p>\n<p>Base de loisirs d&rsquo;Orci\u00e8res : <a href=\"https:\/\/goo.gl\/maps\/eez26qWqCp6R4cF7A\" target=\"_blank\" rel=\"noopener\">Cliquez ici<\/a><\/p>\n<p>Station de Merlette : <a href=\"https:\/\/goo.gl\/maps\/NUWghTQVQVRxZh3v8\" target=\"_blank\" rel=\"noopener\">Cliquez ici<\/a><\/p>\n<p>En fonction des conditions de vol nous pouvons parfois avoir un peu de retard, nous vous remercions de votre patience, nous privil\u00e9gions la s\u00e9curit\u00e9 et le plaisir de nos passagers ! Nous faisons le maximum pour vous tenir inform\u00e9 d&rsquo;un \u00e9ventuel retard.<\/p>\n<p>&nbsp;<\/p>\n<p>[\/et_pb_text][\/et_pb_column][\/et_pb_row][\/et_pb_section]<\/p>\n","protected":false},"excerpt":{"rendered":"<p>Point d&rsquo;accueil et Acc\u00e8s<div class=\"et_pb_module dsm_block_reveal_text dsm_block_reveal_text_0\">\n\t\t\t\t\n\t\t\t\t\n\t\t\t\t\n\t\t\t\t\n\t\t\t\t\n\t\t\t\t\n\t\t\t\t<div class=\"et_pb_module_inner\">\n\t\t\t\t\t<div class=\"dsm_block_reveal_text_wrapper\" data-dsm-block-reveal-animation=\"lr\" data-dsm-block-reveal-color=\"#7EBEC5\" data-dsm-block-reveal-delay=\"0.7\" data-dsm-block-reveal-viewport=\"80%\"><h2 class=\"dsm_block_reveal_text_header et_pb_module_header\">T\u00e9l : 07 67 00 47 41<\/h2><\/div>\n\t\t\t\t<\/div>\n\t\t\t<\/div>Nous nous situons \u00e0 Merlette dans la station d&rsquo;Orci\u00e8res 1850 \u00e0 l&rsquo;H\u00f4tel les Gardettes. Vous pouvez passer nous voir avec plaisir pour des renseignements, faire connaissance et demander des explications sur le d\u00e9roulement d&rsquo;un bapt\u00eame de [&hellip;]<\/p>\n","protected":false},"author":1,"featured_media":0,"parent":0,"menu_order":0,"comment_status":"closed","ping_status":"closed","template":"","meta":{"_et_pb_use_builder":"on","_et_pb_old_content":"","_et_gb_content_width":"","footnotes":""},"class_list":["post-83","page","type-page","status-publish","hentry"],"_links":{"self":[{"href":"https:\/\/orci-air.com\/index.php\/wp-json\/wp\/v2\/pages\/83","targetHints":{"allow":["GET"]}}],"collection":[{"href":"https:\/\/orci-air.com\/index.php\/wp-json\/wp\/v2\/pages"}],"about":[{"href":"https:\/\/orci-air.com\/index.php\/wp-json\/wp\/v2\/types\/page"}],"author":[{"embeddable":true,"href":"https:\/\/orci-air.com\/index.php\/wp-json\/wp\/v2\/users\/1"}],"replies":[{"embeddable":true,"href":"https:\/\/orci-air.com\/index.php\/wp-json\/wp\/v2\/comments?post=83"}],"version-history":[{"count":15,"href":"https:\/\/orci-air.com\/index.php\/wp-json\/wp\/v2\/pages\/83\/revisions"}],"predecessor-version":[{"id":244,"href":"https:\/\/orci-air.com\/index.php\/wp-json\/wp\/v2\/pages\/83\/revisions\/244"}],"wp:attachment":[{"href":"https:\/\/orci-air.com\/index.php\/wp-json\/wp\/v2\/media?parent=83"}],"curies":[{"name":"wp","href":"https:\/\/api.w.org\/{rel}","templated":true}]}}